{"id":51,"date":"2025-12-08T17:30:22","date_gmt":"2025-12-08T17:30:22","guid":{"rendered":"https:\/\/modulinis-namas.lt\/?page_id=51"},"modified":"2025-12-16T14:00:39","modified_gmt":"2025-12-16T14:00:39","slug":"moduliniu-namu-gamintojai-lietuvoje","status":"publish","type":"page","link":"https:\/\/modulinis-namas.lt\/pl\/producenci-domow-modulowych-na-litwie\/","title":{"rendered":"Producenci dom\u00f3w modu\u0142owych na Litwie"},"content":{"rendered":"<style type=\"text\/css\" data-created_by=\"avia_inline_auto\" id=\"style-css-av-mixfac0a-9def4dec31b2893c346ec7030f32ff3b\">\n.avia-section.av-mixfac0a-9def4dec31b2893c346ec7030f32ff3b{\nbackground-repeat:no-repeat;\nbackground-image:url(https:\/\/modulinis-namas.lt\/wp-content\/uploads\/2025\/12\/379482103.jpg);\nbackground-position:0% 0%;\nbackground-attachment:scroll;\n}\n.avia-section.av-mixfac0a-9def4dec31b2893c346ec7030f32ff3b .av-section-color-overlay{\nopacity:0.2;\nbackground-color:#0a0a0a;\n}\n<\/style>\n<div id='av_section_1'  class='avia-section av-mixfac0a-9def4dec31b2893c346ec7030f32ff3b main_color avia-section-default avia-no-border-styling  avia-builder-el-0  el_before_av_section  avia-builder-el-first  avia-full-stretch avia-bg-style-scroll av-section-color-overlay-active av-minimum-height av-minimum-height-custom av-height-custom  container_wrap sidebar_right'  data-section-bg-repeat='stretch' data-av_minimum_height_px='300'><div class=\"av-section-color-overlay-wrap\"><div class=\"av-section-color-overlay\"><\/div><div class='container av-section-cont-open' style='height:300px'><main  role=\"main\" itemprop=\"mainContentOfPage\"  class='template-page content  av-content-small alpha units'><div class='post-entry post-entry-type-page post-entry-51'><div class='entry-content-wrapper clearfix'>\n\n<style type=\"text\/css\" data-created_by=\"avia_inline_auto\" id=\"style-css-av-mixfb0vo-722afa69f17aaf5fdf255b6c9d3ba0c8\">\n#top .av-special-heading.av-mixfb0vo-722afa69f17aaf5fdf255b6c9d3ba0c8{\npadding-bottom:10px;\ncolor:#ffffff;\n}\nbody .av-special-heading.av-mixfb0vo-722afa69f17aaf5fdf255b6c9d3ba0c8 .av-special-heading-tag .heading-char{\nfont-size:25px;\n}\n.av-special-heading.av-mixfb0vo-722afa69f17aaf5fdf255b6c9d3ba0c8 .special-heading-inner-border{\nborder-color:#ffffff;\n}\n.av-special-heading.av-mixfb0vo-722afa69f17aaf5fdf255b6c9d3ba0c8 .av-subheading{\nfont-size:15px;\n}\n<\/style>\n<div  class='av-special-heading av-mixfb0vo-722afa69f17aaf5fdf255b6c9d3ba0c8 av-special-heading-h1 custom-color-heading blockquote modern-quote modern-centered  avia-builder-el-1  avia-builder-el-no-sibling'><h1 class='av-special-heading-tag'  itemprop=\"headline\"  >PRODUCENCI DOM\u00d3W MODU\u0141OWYCH NA LITWIE<\/h1><div class=\"special-heading-border\"><div class=\"special-heading-inner-border\"><\/div><\/div><\/div>\n\n<\/div><\/div><\/main><!-- close content main element --><\/div><\/div><\/div><div id='av_section_2'  class='avia-section av-3jrnj-71a0b41f8383c43371e44e618c4bdae1 main_color avia-section-default avia-no-border-styling  avia-builder-el-2  el_after_av_section  avia-builder-el-last  avia-bg-style-scroll container_wrap sidebar_right'  ><div class='container av-section-cont-open' ><div class='template-page content  av-content-small alpha units'><div class='post-entry post-entry-type-page post-entry-51'><div class='entry-content-wrapper clearfix'>\n<div  class='flex_column av-2wxqn-4a9fa1b9a40a450ac5e94dce2240f022 av_one_half  avia-builder-el-3  el_before_av_one_half  avia-builder-el-first  first flex_column_div'     ><p>\n<style type=\"text\/css\" data-created_by=\"avia_inline_auto\" id=\"style-css-av-29smz-28a5e4058c2c0cf7a09152040528b686\">\n.avia-image-container.av-29smz-28a5e4058c2c0cf7a09152040528b686 img.avia_image{\nbox-shadow:none;\n}\n.avia-image-container.av-29smz-28a5e4058c2c0cf7a09152040528b686 .av-image-caption-overlay-center{\ncolor:#ffffff;\n}\n<\/style>\n<div  class='avia-image-container av-29smz-28a5e4058c2c0cf7a09152040528b686 av-styling- avia-align-center  avia-builder-el-4  el_before_av_image  avia-builder-el-first'   itemprop=\"image\" itemscope=\"itemscope\" itemtype=\"https:\/\/schema.org\/ImageObject\" ><div class=\"avia-image-container-inner\"><div class=\"avia-image-overlay-wrap\"><img decoding=\"async\" fetchpriority=\"high\" class='wp-image-61 avia-img-lazy-loading-not-61 avia_image' src=\"https:\/\/modulinis-namas.lt\/wp-content\/uploads\/2025\/12\/modulinis.jpg\" alt='Domy modu\u0142owe' title='Domy modu\u0142owe'  height=\"667\" width=\"1000\"  itemprop=\"thumbnailUrl\" srcset=\"https:\/\/modulinis-namas.lt\/wp-content\/uploads\/2025\/12\/modulinis.jpg 1000w, https:\/\/modulinis-namas.lt\/wp-content\/uploads\/2025\/12\/modulinis-300x200.jpg 300w, https:\/\/modulinis-namas.lt\/wp-content\/uploads\/2025\/12\/modulinis-768x512.jpg 768w, https:\/\/modulinis-namas.lt\/wp-content\/uploads\/2025\/12\/modulinis-705x470.jpg 705w\" sizes=\"(max-width: 1000px) 100vw, 1000px\" \/><\/div><\/div><\/div><br \/>\n\n<style type=\"text\/css\" data-created_by=\"avia_inline_auto\" id=\"style-css-av-1m99f-9eddd965f374bcbe2e5e0ee3dff68785\">\n.avia-image-container.av-1m99f-9eddd965f374bcbe2e5e0ee3dff68785 img.avia_image{\nbox-shadow:none;\n}\n.avia-image-container.av-1m99f-9eddd965f374bcbe2e5e0ee3dff68785 .av-image-caption-overlay-center{\ncolor:#ffffff;\n}\n<\/style>\n<div  class='avia-image-container av-1m99f-9eddd965f374bcbe2e5e0ee3dff68785 av-styling- avia-align-center  avia-builder-el-5  el_after_av_image  avia-builder-el-last'   itemprop=\"image\" itemscope=\"itemscope\" itemtype=\"https:\/\/schema.org\/ImageObject\" ><div class=\"avia-image-container-inner\"><div class=\"avia-image-overlay-wrap\"><img decoding=\"async\" fetchpriority=\"high\" class='wp-image-62 avia-img-lazy-loading-not-62 avia_image' src=\"https:\/\/modulinis-namas.lt\/wp-content\/uploads\/2025\/12\/modulinis-namass-1030x579.webp\" alt='Producenci dom\u00f3w modu\u0142owych na Litwie' title='Producenci dom\u00f3w modu\u0142owych na Litwie'  height=\"579\" width=\"1030\"  itemprop=\"thumbnailUrl\" srcset=\"https:\/\/modulinis-namas.lt\/wp-content\/uploads\/2025\/12\/modulinis-namass-1030x579.webp 1030w, https:\/\/modulinis-namas.lt\/wp-content\/uploads\/2025\/12\/modulinis-namass-300x169.webp 300w, https:\/\/modulinis-namas.lt\/wp-content\/uploads\/2025\/12\/modulinis-namass-768x432.webp 768w, https:\/\/modulinis-namas.lt\/wp-content\/uploads\/2025\/12\/modulinis-namass-1536x864.webp 1536w, https:\/\/modulinis-namas.lt\/wp-content\/uploads\/2025\/12\/modulinis-namass-2048x1152.webp 2048w, https:\/\/modulinis-namas.lt\/wp-content\/uploads\/2025\/12\/modulinis-namass-1500x844.webp 1500w, https:\/\/modulinis-namas.lt\/wp-content\/uploads\/2025\/12\/modulinis-namass-705x397.webp 705w\" sizes=\"(max-width: 1030px) 100vw, 1030px\" \/><\/div><\/div><\/div><\/p><\/div><div  class='flex_column av-3cy7-39015357e9ed5e3311a6560273869586 av_one_half  avia-builder-el-6  el_after_av_one_half  avia-builder-el-last  flex_column_div'     ><p>\n<style type=\"text\/css\" data-created_by=\"avia_inline_auto\" id=\"style-css-av-mixfg34f-ec132317f8c0859ccf20a0d9e56c1964\">\n#top .av-special-heading.av-mixfg34f-ec132317f8c0859ccf20a0d9e56c1964{\npadding-bottom:10px;\n}\nbody .av-special-heading.av-mixfg34f-ec132317f8c0859ccf20a0d9e56c1964 .av-special-heading-tag .heading-char{\nfont-size:25px;\n}\n.av-special-heading.av-mixfg34f-ec132317f8c0859ccf20a0d9e56c1964 .av-subheading{\nfont-size:15px;\n}\n<\/style>\n<div  class='av-special-heading av-mixfg34f-ec132317f8c0859ccf20a0d9e56c1964 av-special-heading-h2 blockquote modern-quote modern-centered  avia-builder-el-7  el_before_av_textblock  avia-builder-el-first'><h2 class='av-special-heading-tag'  itemprop=\"headline\"  >\u2705 Producenci dom\u00f3w modu\u0142owych na Litwie:<\/h2><div class=\"special-heading-border\"><div class=\"special-heading-inner-border\"><\/div><\/div><\/div><br \/>\n<section  class='av_textblock_section av-mixffmcz-3f961cb6956f600bbc2bb33b9589d4e6'   itemscope=\"itemscope\" itemtype=\"https:\/\/schema.org\/CreativeWork\" ><div class='avia_textblock'  itemprop=\"text\" ><h3>WILNO<\/h3>\n<p><a href=\"https:\/\/modhouse.lt\" target=\"_blank\" rel=\"noopener\"><strong>Modhouse.lt<\/strong><\/a> \u2013 Wykonuje produkty dobrej jako\u015bci, oferuje kompleksowe wyko\u0144czenie oraz konsultacje w zakresie wszelkich zagadnie\u0144 budowlanych. <a href=\"https:\/\/modulinis-namas.lt\/pl\/\">Domy modu\u0142owe<\/a> w dobrej cenie z pe\u0142nym wyposa\u017ceniem!<\/p>\n<p><strong>\u0141\u0105czno\u015b\u0107: <a href=\"telefon: +370 606 33595\">+370 606 33595<\/a>\u00a0 \u00a0 E-mail: <a href=\"mailto:info@modhouse.lt\">info@modhouse.lt<\/a><\/strong><\/p>\n<\/div><\/section><br \/>\n\n<style type=\"text\/css\" data-created_by=\"avia_inline_auto\" id=\"style-css-av-mj8nh6y7-80e14af163a2a1a3020e4c4fd789ab7b\">\n#top .hr.hr-invisible.av-mj8nh6y7-80e14af163a2a1a3020e4c4fd789ab7b{\nheight:35px;\n}\n<\/style>\n<div  class='hr av-mj8nh6y7-80e14af163a2a1a3020e4c4fd789ab7b hr-invisible  avia-builder-el-9  el_after_av_textblock  el_before_av_textblock'><span class='hr-inner'><span class=\"hr-inner-style\"><\/span><\/span><\/div><br \/>\n<section  class='av_textblock_section av-mixfgh3f-6447a582798889657507c63211867aa0'   itemscope=\"itemscope\" itemtype=\"https:\/\/schema.org\/CreativeWork\" ><div class='avia_textblock'  itemprop=\"text\" ><h3><b>\ud83d\udca1 Dlaczego warto wybra\u0107 dom modu\u0142owy od tych producent\u00f3w?<\/b><\/h3>\n<ul>\n<li><span class=\"s1\"><b>Szybko\u015b\u0107 i wygoda<\/b><\/span> \u2013 modu\u0142y produkowane s\u0105 w fabryce, co skraca czas budowy i uniezale\u017cnia j\u0105 od warunk\u00f3w atmosferycznych.<\/li>\n<li><span class=\"s1\"><b>Mo\u017cliwo\u015b\u0107 personalizacji<\/b><\/span> \u2013 wielu producent\u00f3w oferuje modyfikacje wed\u0142ug Pa\u0144stwa \u017cycze\u0144: uk\u0142adu, wyko\u0144czenia, komfortu energetycznego.<\/li>\n<li><span class=\"s1\"><b>Jako\u015b\u0107 i gwarancja<\/b><\/span> \u2013 profesjonalny projekt, dob\u00f3r materia\u0142\u00f3w i kontrola produkcji pozwalaj\u0105 uzyska\u0107 Pa\u0144stwu solidny dom, nadaj\u0105cy si\u0119 do sta\u0142ego zamieszkania.<\/li>\n<li><span class=\"s1\"><b>Szeroki wyb\u00f3r<\/b><\/span> \u2013 od kompaktowych domk\u00f3w i domk\u00f3w ogrodowych po pe\u0142ne budynki mieszkalne, a nawet modu\u0142owe budynki komercyjne.<\/li>\n<\/ul>\n<\/div><\/section><\/p><\/div><\/div><\/div><\/div><!-- close content main div --><\/div><\/div><div id='after_section_2'  class='main_color av_default_container_wrap container_wrap sidebar_right'  ><div class='container av-section-cont-open' ><div class='template-page content  av-content-small alpha units'><div class='post-entry post-entry-type-page post-entry-51'><div class='entry-content-wrapper clearfix'>","protected":false},"excerpt":{"rendered":"","protected":false},"author":1,"featured_media":62,"parent":0,"menu_order":0,"comment_status":"closed","ping_status":"closed","template":"","meta":{"footnotes":""},"class_list":["post-51","page","type-page","status-publish","has-post-thumbnail","hentry"],"_hostinger_reach_plugin_has_subscription_block":false,"_hostinger_reach_plugin_is_elementor":false,"_links":{"self":[{"href":"https:\/\/modulinis-namas.lt\/pl\/wp-json\/wp\/v2\/pages\/51","targetHints":{"allow":["GET"]}}],"collection":[{"href":"https:\/\/modulinis-namas.lt\/pl\/wp-json\/wp\/v2\/pages"}],"about":[{"href":"https:\/\/modulinis-namas.lt\/pl\/wp-json\/wp\/v2\/types\/page"}],"author":[{"embeddable":true,"href":"https:\/\/modulinis-namas.lt\/pl\/wp-json\/wp\/v2\/users\/1"}],"replies":[{"embeddable":true,"href":"https:\/\/modulinis-namas.lt\/pl\/wp-json\/wp\/v2\/comments?post=51"}],"version-history":[{"count":15,"href":"https:\/\/modulinis-namas.lt\/pl\/wp-json\/wp\/v2\/pages\/51\/revisions"}],"predecessor-version":[{"id":113,"href":"https:\/\/modulinis-namas.lt\/pl\/wp-json\/wp\/v2\/pages\/51\/revisions\/113"}],"wp:featuredmedia":[{"embeddable":true,"href":"https:\/\/modulinis-namas.lt\/pl\/wp-json\/wp\/v2\/media\/62"}],"wp:attachment":[{"href":"https:\/\/modulinis-namas.lt\/pl\/wp-json\/wp\/v2\/media?parent=51"}],"curies":[{"name":"wp","href":"https:\/\/api.w.org\/{rel}","templated":true}]}}