{"id":97,"date":"2025-12-16T13:38:43","date_gmt":"2025-12-16T13:38:43","guid":{"rendered":"https:\/\/modulinis-namas.lt\/?page_id=97"},"modified":"2025-12-16T13:47:36","modified_gmt":"2025-12-16T13:47:36","slug":"modulinis-namas-kontaktai","status":"publish","type":"page","link":"https:\/\/modulinis-namas.lt\/pl\/kontakty-dotyczace-domow-modulowych\/","title":{"rendered":"\u0141\u0105czno\u015b\u0107"},"content":{"rendered":"<style type=\"text\/css\" data-created_by=\"avia_inline_auto\" id=\"style-css-av-3j42t-ce7cf6e34c0c8b459b2e9f1fddea6171\">\n.avia-section.av-3j42t-ce7cf6e34c0c8b459b2e9f1fddea6171{\nbackground-repeat:no-repeat;\nbackground-image:url(https:\/\/modulinis-namas.lt\/wp-content\/uploads\/2025\/12\/379482103.jpg);\nbackground-position:0% 0%;\nbackground-attachment:scroll;\n}\n.avia-section.av-3j42t-ce7cf6e34c0c8b459b2e9f1fddea6171 .av-section-color-overlay{\nopacity:0.2;\nbackground-color:#0a0a0a;\n}\n<\/style>\n<div id='av_section_1'  class='avia-section av-3j42t-ce7cf6e34c0c8b459b2e9f1fddea6171 main_color avia-section-default avia-no-border-styling  avia-builder-el-0  el_before_av_section  avia-builder-el-first  avia-full-stretch avia-bg-style-scroll av-section-color-overlay-active av-minimum-height av-minimum-height-custom av-height-custom  container_wrap sidebar_right'  data-section-bg-repeat='stretch' data-av_minimum_height_px='300'><div class=\"av-section-color-overlay-wrap\"><div class=\"av-section-color-overlay\"><\/div><div class='container av-section-cont-open' style='height:300px'><main  role=\"main\" itemprop=\"mainContentOfPage\"  class='template-page content  av-content-small alpha units'><div class='post-entry post-entry-type-page post-entry-97'><div class='entry-content-wrapper clearfix'>\n\n<style type=\"text\/css\" data-created_by=\"avia_inline_auto\" id=\"style-css-av-mj8mot7t-be923d37880db31846618d90f1a58bac\">\n#top .av-special-heading.av-mj8mot7t-be923d37880db31846618d90f1a58bac{\npadding-bottom:10px;\ncolor:#ffffff;\n}\nbody .av-special-heading.av-mj8mot7t-be923d37880db31846618d90f1a58bac .av-special-heading-tag .heading-char{\nfont-size:25px;\n}\n.av-special-heading.av-mj8mot7t-be923d37880db31846618d90f1a58bac .special-heading-inner-border{\nborder-color:#ffffff;\n}\n.av-special-heading.av-mj8mot7t-be923d37880db31846618d90f1a58bac .av-subheading{\nfont-size:15px;\n}\n<\/style>\n<div  class='av-special-heading av-mj8mot7t-be923d37880db31846618d90f1a58bac av-special-heading-h1 custom-color-heading blockquote modern-quote modern-centered  avia-builder-el-1  avia-builder-el-no-sibling'><h1 class='av-special-heading-tag'  itemprop=\"headline\"  >KONTAKTY DOM\u00d3W MODU\u0141OWYCH<\/h1><div class=\"special-heading-border\"><div class=\"special-heading-inner-border\"><\/div><\/div><\/div>\n\n<\/div><\/div><\/main><!-- close content main element --><\/div><\/div><\/div><div id='av_section_2'  class='avia-section av-2o8qh-b1803ecbe7847b72303b102f0c2639f7 main_color avia-section-default avia-no-border-styling  avia-builder-el-2  el_after_av_section  avia-builder-el-last  avia-bg-style-scroll container_wrap sidebar_right'  ><div class='container av-section-cont-open' ><div class='template-page content  av-content-small alpha units'><div class='post-entry post-entry-type-page post-entry-97'><div class='entry-content-wrapper clearfix'>\n<div  class='flex_column av-2bj0p-19e428b4f0140af3f57e21340349f899 av_one_half  avia-builder-el-3  el_before_av_one_half  avia-builder-el-first  first flex_column_div'     ><p>\n<style type=\"text\/css\" data-created_by=\"avia_inline_auto\" id=\"style-css-av-mj8moj7b-6eb57a3ec7285580c73e8037f5a50537\">\n#top .av-special-heading.av-mj8moj7b-6eb57a3ec7285580c73e8037f5a50537{\npadding-bottom:10px;\n}\nbody .av-special-heading.av-mj8moj7b-6eb57a3ec7285580c73e8037f5a50537 .av-special-heading-tag .heading-char{\nfont-size:25px;\n}\n.av-special-heading.av-mj8moj7b-6eb57a3ec7285580c73e8037f5a50537 .av-subheading{\nfont-size:15px;\n}\n<\/style>\n<div  class='av-special-heading av-mj8moj7b-6eb57a3ec7285580c73e8037f5a50537 av-special-heading-h2 blockquote modern-quote modern-centered  avia-builder-el-4  el_before_av_hr  avia-builder-el-first'><h2 class='av-special-heading-tag'  itemprop=\"headline\"  >Modular-house.lt \u2013 Kontakty<\/h2><div class=\"special-heading-border\"><div class=\"special-heading-inner-border\"><\/div><\/div><\/div><br \/>\n\n<style type=\"text\/css\" data-created_by=\"avia_inline_auto\" id=\"style-css-av-mj8mzc7w-cc45559a878186c2604198e2d2a90cb5\">\n#top .hr.hr-invisible.av-mj8mzc7w-cc45559a878186c2604198e2d2a90cb5{\nheight:25px;\n}\n<\/style>\n<div  class='hr av-mj8mzc7w-cc45559a878186c2604198e2d2a90cb5 hr-invisible  avia-builder-el-5  el_after_av_heading  el_before_av_codeblock'><span class='hr-inner'><span class=\"hr-inner-style\"><\/span><\/span><\/div><br \/>\n<\/p><\/div><div  class='flex_column av-14rcx-1269c6d4bc731cdca63b58f0b5999897 av_one_half  avia-builder-el-7  el_after_av_one_half  avia-builder-el-last  flex_column_div'     ><section  class='av_textblock_section av-mj8mykay-7f74cda6d6fc8e27891d83564ac8a74c'   itemscope=\"itemscope\" itemtype=\"https:\/\/schema.org\/CreativeWork\" ><div class='avia_textblock'  itemprop=\"text\" ><h3><b>Skontaktuj si\u0119 z nami<\/b><\/h3>\n<p class=\"p3\">Je\u015bli jeste\u015b zainteresowany <span class=\"s2\">domy modu\u0142owe<\/span> planujesz kupi\u0107 <span class=\"s2\">dom modu\u0142owy<\/span>, prosimy o kontakt <span class=\"s2\">modular-house.lt<\/span> Zesp\u00f3\u0142. Jeste\u015bmy gotowi odpowiedzie\u0107 na wszystkie Twoje pytania i pom\u00f3c Ci podj\u0105\u0107 najw\u0142a\u015bciwsz\u0105 decyzj\u0119.<\/p>\n<p class=\"p3\">Mo\u017cesz si\u0119 z nami skontaktowa\u0107, je\u015bli:<\/p>\n<ul>\n<li class=\"p1\"><span class=\"s1\">Chcesz dosta\u0107 <\/span>konsultacje w sprawie cen dom\u00f3w modu\u0142owych<span class=\"s1\"> i mo\u017cliwe rozwi\u0105zania;<\/span><\/li>\n<li><span class=\"s1\">Szukam <\/span>dom modu\u0142owy do rekreacji, mieszkania lub dzia\u0142alno\u015bci gospodarczej<span class=\"s1\">;<\/span><\/li>\n<li class=\"p1\"><span class=\"s1\">Masz pytania dotycz\u0105ce <\/span>uk\u0142ad, rozmiary, wyposa\u017cenie lub wyko\u0144czenie<span class=\"s1\">;<\/span><\/li>\n<li class=\"p1\"><span class=\"s1\">Chcesz wiedzie\u0107 o <\/span>pozwolenia na budow\u0119, opcje budowy i terminy<span class=\"s1\">;<\/span><\/li>\n<li class=\"p1\">Planujesz indywidualny projekt i szukasz <span class=\"s1\">niezawodni producenci dom\u00f3w modu\u0142owych<\/span>;<\/li>\n<li>Zainteresowany <span class=\"s1\">domy mobilne<\/span>, ich transport lub instalacj\u0119 na Twojej posesji.<\/li>\n<\/ul>\n<p class=\"p3\">Naszym celem jest pomoc w znalezieniu optymalnego rozwi\u0105zania, dopasowanego do Pa\u0144stwa potrzeb, bud\u017cetu i oczekiwa\u0144. Odpowiadamy jasno, zrozumiale i bez skomplikowanych sformu\u0142owa\u0144 technicznych.<\/p>\n<p class=\"p3\">Skontaktuj si\u0119 z nami w dogodny dla Ciebie spos\u00f3b \u2013 telefonicznie, mailowo lub za po\u015brednictwem formularza kontaktowego. Na ka\u017cde zapytanie odpowiadamy szybko i odpowiedzialnie.<\/p>\n<\/div><\/section><\/div><\/div><\/div><\/div><!-- close content main div --><\/div><\/div><div id='after_section_2'  class='main_color av_default_container_wrap container_wrap sidebar_right'  ><div class='container av-section-cont-open' ><div class='template-page content  av-content-small alpha units'><div class='post-entry post-entry-type-page post-entry-97'><div class='entry-content-wrapper clearfix'>","protected":false},"excerpt":{"rendered":"","protected":false},"author":1,"featured_media":95,"parent":0,"menu_order":0,"comment_status":"closed","ping_status":"closed","template":"","meta":{"footnotes":""},"class_list":["post-97","page","type-page","status-publish","has-post-thumbnail","hentry"],"_hostinger_reach_plugin_has_subscription_block":false,"_hostinger_reach_plugin_is_elementor":false,"_links":{"self":[{"href":"https:\/\/modulinis-namas.lt\/pl\/wp-json\/wp\/v2\/pages\/97","targetHints":{"allow":["GET"]}}],"collection":[{"href":"https:\/\/modulinis-namas.lt\/pl\/wp-json\/wp\/v2\/pages"}],"about":[{"href":"https:\/\/modulinis-namas.lt\/pl\/wp-json\/wp\/v2\/types\/page"}],"author":[{"embeddable":true,"href":"https:\/\/modulinis-namas.lt\/pl\/wp-json\/wp\/v2\/users\/1"}],"replies":[{"embeddable":true,"href":"https:\/\/modulinis-namas.lt\/pl\/wp-json\/wp\/v2\/comments?post=97"}],"version-history":[{"count":9,"href":"https:\/\/modulinis-namas.lt\/pl\/wp-json\/wp\/v2\/pages\/97\/revisions"}],"predecessor-version":[{"id":108,"href":"https:\/\/modulinis-namas.lt\/pl\/wp-json\/wp\/v2\/pages\/97\/revisions\/108"}],"wp:featuredmedia":[{"embeddable":true,"href":"https:\/\/modulinis-namas.lt\/pl\/wp-json\/wp\/v2\/media\/95"}],"wp:attachment":[{"href":"https:\/\/modulinis-namas.lt\/pl\/wp-json\/wp\/v2\/media?parent=97"}],"curies":[{"name":"wp","href":"https:\/\/api.w.org\/{rel}","templated":true}]}}